{"id":465,"date":"2025-05-17T12:51:59","date_gmt":"2025-05-17T10:51:59","guid":{"rendered":"https:\/\/enriquesrestaurantepizzeria.com\/?page_id=465"},"modified":"2025-05-17T13:11:30","modified_gmt":"2025-05-17T11:11:30","slug":"politica-de-privacidad","status":"publish","type":"page","link":"https:\/\/enriquesrestaurantepizzeria.com\/es\/politica-de-privacidad\/","title":{"rendered":"Pol\u00edtica de Privacidad"},"content":{"rendered":"<h2 class=\"wp-block-post-title\">Pol\u00edtica de Privacidad<\/h2>\n\n\n<p class=\"has-normal-font-size\"><\/p>\n\n\n\n<p class=\"has-normal-font-size\">El contenido de la pol\u00edtica de privacidad, en cumplimiento del Reglamento General de Protecci\u00f3n de Datos (UE) 2016\/679 del Parlamento Europeo y del Consejo de 27 de abril de 2016 y la ley org\u00e1nica 3\/2018 de 5 de diciembre de Protecci\u00f3n de Datos Personales y de Garant\u00eda de los Derechos Digitales,le informamos que:<br>La empresa titular del presente dominio y Responsanble del Tratamiento de la web<br>www.enriquesrestaurantepizzeria.com es Fatima Farkouch Touhami, con domicilio a estos efectos en Urb. Do\u00f1a Lola, Local 37, Ctra. de C\u00e1diz, Km 197, Mijas Costa, M\u00e1laga n\u00famero de C.I.F.: 79122160K.<br>Correo electr\u00f3nico de Protecci\u00f3n de Datos: Fatimafarkouch@hotmail.com<br><\/p>\n\n\n\n<p class=\"has-normal-font-size\">El Responsable del tratamiento, Fatima Farkouch Touhami, con la finalidad de<br>gestionar la recogida de sus datos en el uso de nuestros formularios. En los formularios de contacto existentes en la web, donde se recogen datos de car\u00e1cter personal, el usuario deber\u00e1 consentir de manera expresa y con car\u00e1cter previo al env\u00edo de los mismos, la aceptaci\u00f3n y conocimiento de la pol\u00edtica de privacidad mediante la cumplimentaci\u00f3n del check \u00abhe le\u00eddo y acepto la pol\u00edtica de privacidad\u00bb y a cuyo contenido podr\u00e1 tener acceso mediante el enlace<br>adjunto que le remitir\u00e1 el presente aviso legal. Si el campo check no fuere marcado por el usuario, no se realizar\u00e1 el env\u00edo de los datos contenidos en dichos formularios. Entiendo que estoy dando mi permiso para el uso y tratamiento de mis datos personales as\u00ed como de la informaci\u00f3n solicitada o a contratar.<br>La base legal para el tratamiento de sus datos es el consentimiento por usted prestado, su consentimiento se podr\u00e1 revocar en cualquier momento por usted o su representante legal. Conservaremos sus datos el tiempo estrictamente necesario para responder a exigencias legales.<br>Los datos no se ceder\u00e1n a terceros salvo en los casos en que exista una obligaci\u00f3n legal. No est\u00e1nprevistas las transferencias de datos a terceros pa\u00edses.<br>Puede ejercer sus derechos de acceso, rectificaci\u00f3n, supresi\u00f3n y portabilidad de sus datos, y lalimitaci\u00f3n u oposici\u00f3n a su tratamiento a trav\u00e9s del correo electr\u00f3nicoFatimafarkouch@hotmail.com o en la direcci\u00f3n postal Urb. Do\u00f1a Lola, Local 37, Ctra de C\u00e1diz, Km 197, Mijas Costa, M\u00e1laga.<br>De igual modo, podr\u00eda interponer una reclamaci\u00f3n ante la Autoridad de Control en www.aepd.es.<br>Sus datos han sido directamente proporcionados por el usted a trav\u00e9s de la web, tratamos sus datosidentificativos, direcci\u00f3n postal, direcci\u00f3n electr\u00f3nica, comercial de nuestros servicios solicitados.<\/p>\n","protected":false},"excerpt":{"rendered":"<p>El contenido de la pol\u00edtica de privacidad, en cumplimiento del Reglamento General de Protecci\u00f3n de Datos (UE) 2016\/679 del Parlamento Europeo y del Consejo de [&hellip;]<\/p>\n","protected":false},"author":2,"featured_media":0,"parent":0,"menu_order":0,"comment_status":"closed","ping_status":"closed","template":"","meta":{"novablocks_hero_scroll_indicator":false,"novablocks_hero_position_indicators":false,"supernova_prevent_duplicate":false,"footnotes":""},"class_list":["post-465","page","type-page","status-publish","hentry"],"_links":{"self":[{"href":"https:\/\/enriquesrestaurantepizzeria.com\/es\/wp-json\/wp\/v2\/pages\/465","targetHints":{"allow":["GET"]}}],"collection":[{"href":"https:\/\/enriquesrestaurantepizzeria.com\/es\/wp-json\/wp\/v2\/pages"}],"about":[{"href":"https:\/\/enriquesrestaurantepizzeria.com\/es\/wp-json\/wp\/v2\/types\/page"}],"author":[{"embeddable":true,"href":"https:\/\/enriquesrestaurantepizzeria.com\/es\/wp-json\/wp\/v2\/users\/2"}],"replies":[{"embeddable":true,"href":"https:\/\/enriquesrestaurantepizzeria.com\/es\/wp-json\/wp\/v2\/comments?post=465"}],"version-history":[{"count":2,"href":"https:\/\/enriquesrestaurantepizzeria.com\/es\/wp-json\/wp\/v2\/pages\/465\/revisions"}],"predecessor-version":[{"id":470,"href":"https:\/\/enriquesrestaurantepizzeria.com\/es\/wp-json\/wp\/v2\/pages\/465\/revisions\/470"}],"wp:attachment":[{"href":"https:\/\/enriquesrestaurantepizzeria.com\/es\/wp-json\/wp\/v2\/media?parent=465"}],"curies":[{"name":"wp","href":"https:\/\/api.w.org\/{rel}","templated":true}]}}