{"id":450,"date":"2025-05-17T11:45:53","date_gmt":"2025-05-17T09:45:53","guid":{"rendered":"https:\/\/enriquesrestaurantepizzeria.com\/?page_id=450"},"modified":"2025-05-17T12:37:49","modified_gmt":"2025-05-17T10:37:49","slug":"politica-de-cookies","status":"publish","type":"page","link":"https:\/\/enriquesrestaurantepizzeria.com\/es\/politica-de-cookies\/","title":{"rendered":"Pol\u00edtica de Cookies"},"content":{"rendered":"<h2 class=\"wp-block-post-title\">Pol\u00edtica de Cookies<\/h2>\n\n\n<p class=\"has-normal-font-size\">1. Objeto.<br>La presente Pol\u00edtica de Cookies es parte integrante de las Condiciones de Uso y la<br>Pol\u00edtica de Privacidad de la p\u00e1gina web, www.enriquesrestaurantepizzeria.com (en adelante, el<br>\u00abSitio Web\u00bb o la \u00abP\u00e1gina Web\u00bb). El acceso y la navegaci\u00f3n en el Sitio Web, o el uso de<br>los servicios del mismo, implican la aceptaci\u00f3n de los t\u00e9rminos y condiciones<br>recogidos en las Condiciones de Uso as\u00ed como en la Pol\u00edtica de Privacidad y dentro de<br>ella en la Pol\u00edtica de Cookies.<br>Con el fin de facilitar su navegaci\u00f3n por el Sitio Web, el titular de la misma con<br>domicilio social en Urb. Do\u00f1a Lola, Local 37, Ctra de C\u00e1diz, Km 197, Mijas Costa, M\u00e1laga, le comunica que<br>utiliza cookies o dispositivos de Almacenamiento de Recuperaci\u00f3n de Datos (DARD) u<br>otros archivos de funcionalidad similar (en adelante, las \u00abcookies\u00bb).<br>En este sentido y con el objetivo de garantizar al usuario toda la informaci\u00f3n<br>necesaria para su correcta navegaci\u00f3n, ponemos a disposici\u00f3n del usuario el<br>siguiente texto informativo sobre qu\u00e9 son las cookies, qu\u00e9 tipolog\u00eda de cookies<br>existen en nuestra P\u00e1gina Web y c\u00f3mo es posible configurarlas o deshabilitarlas.<\/p>\n\n\n\n<p class=\"has-normal-font-size\">2. Que son las Cookies.<br>Actualmente, la mayor\u00eda de las p\u00e1ginas Web, independientemente del servicio que<br>presten, utilizan cookies, es decir, guardan una informaci\u00f3n m\u00ednima del uso o la<br>navegaci\u00f3n que realiza el usuario dentro de la P\u00e1gina Web.<br>Una cookie puede definirse como un peque\u00f1o archivo de texto o dispositivo de uso<br>generalizado que se descarga en el equipo terminal del usuario cuando navega por<br>las p\u00e1ginas Web con la finalidad de almacenar datos que podr\u00e1n ser actualizados y<br>recuperados por la entidad responsable de su instalaci\u00f3n para facilitarle la<br>navegaci\u00f3n y la experiencia de usuario.<br>Tal y como establece el Considerando 30 del RGPD, las personas f\u00edsicas pueden ser<br>asociadas a identificadores en l\u00ednea facilitados por sus dispositivos, aplicaciones,<br>herramientas y protocolos, como direcciones de los protocolos de internet,<br>identificadores de sesi\u00f3n en forma de \u201ccookies\u201d u otros identificadores con<br>finalidades similares. Esto puede dejar huellas que, en particular, al ser combinadas<br>con identificadores \u00fanicos y otros datos recibidos por los servidores, pueden ser<br>utilizadas para elaborar perfiles de las personas f\u00edsicas e identificarlas.<br>Por este motivo, El titular de la web dispone de una pol\u00edtica de cookies coherente con<br>la normativa aplicable.<\/p>\n\n\n\n<p class=\"has-normal-font-size\">Con car\u00e1cter general, cuando la instalaci\u00f3n y\/o utilizaci\u00f3n de cookies conlleve el<br>tratamiento de datos personales, ya se trate de cookies propias o de terceros, de<br>sesi\u00f3n o persistentes, el responsable del tratamiento, proporcionar\u00e1 la informaci\u00f3n<br>necesaria en este \u00e1mbito y recabar\u00e1 el previo consentimiento informado del usuario<br>para instalar y\/o utilizar aqu\u00e9llas salvo en el caso de tener que instalar cookies<br>estrictamente necesarias. Y es que se except\u00faan \u00fanicamente de tal consentimiento<br>aqu\u00e9llas que permitan, de forma exclusiva, la comunicaci\u00f3n entre el equipo del<br>usuario y la red y, estrictamente, aqu\u00e9llas utilizadas para prestar un servicio<br>solicitado por el usuario. Por ejemplo, quedar\u00edan exceptuadas las denominadas<br>\u201ccookies t\u00e9cnicas\u201d (p.ej., las necesarias para la misma navegaci\u00f3n por la plataforma<br>u aplicaci\u00f3n); \u201clas de personalizaci\u00f3n o configuraci\u00f3n\u201d (p.ej., que permiten que la<br>p\u00e1gina reconozca el idioma del usuario, etc.); y \u201clas de seguridad\u201d (p.ej., detectar<br>intentos err\u00f3neos y reiterados de conexi\u00f3n a un sitio).<\/p>\n\n\n\n<p class=\"has-normal-font-size\">3. Tipos, finalidad y funcionamiento de las cookies.<\/p>\n\n\n\n<p class=\"has-normal-font-size\">3.1. SEG\u00daN LA ENTIDAD QUE LA GESTIONA:<br>Cookies propias<br>Son aquellas que se env\u00edan a tu equipo desde el equipo o los servidores del titular de<br>la web y desde el que prestamos el servicio que nos solicitas.<br>Cookies de terceros<br>Son aquellas que se env\u00edan a tu equipo desde un equipo o dominio que no es<br>gestionado por nosotros, sino por otra entidad colaboradora o partner. Como por<br>ejemplo, las usadas por redes sociales, o por contenido externo como Google.<\/p>\n\n\n\n<p class=\"has-normal-font-size\">3.2. SEG\u00daN EL PLAZO DE TIEMPO QUE PERMANECEN ACTIVADAS:<br>Cookies de sesi\u00f3n<br>Son cookies temporales que permanecen en el archivo de cookies de tu navegador<br>hasta que abandonas la p\u00e1gina web, por lo que ninguna queda registrada en el disco<br>duro de tu ordenador. La informaci\u00f3n obtenida por medio de estas cookies, sirven<br>para analizar pautas de tr\u00e1fico en la web. A la larga, esto nos permite proporcionar<br>una mejor experiencia para mejorar el contenido y facilitar su uso.<br>Cookies persistentes<br>Son almacenadas en el disco duro y nuestra web las lee cada vez que realizas una<br>nueva visita. Una web permanente posee una fecha de expiraci\u00f3n determinada. La<br>cookie dejar\u00e1 de funcionar despu\u00e9s de esa fecha. Estas cookies las utilizamos,<\/p>\n\n\n\n<p class=\"has-normal-font-size\">generalmente, para facilitar los servicios de compra y registro.<\/p>\n\n\n\n<p class=\"has-normal-font-size\">3.3 SEG\u00daN SU FINALIDAD:<br>Cookies t\u00e9cnicas<br>Son aquellas necesarias para la navegaci\u00f3n y el buen funcionamiento de nuestra<br>p\u00e1gina web. Permiten por ejemplo, controlar el tr\u00e1fico y la comunicaci\u00f3n de datos,<br>acceder a partes de acceso restringido, realizar el proceso de compra de un pedido,<br>utilizar elementos de seguridad, almacenar contenidos para poder difundir v\u00eddeos o<br>compartir contenidos a trav\u00e9s de redes sociales.<br>Cookies de personalizaci\u00f3n<br>Son aqu\u00e9llas que te permiten acceder al servicio con unas caracter\u00edsticas<br>predefinidas en funci\u00f3n de una serie de criterios, como por ejemplo el idioma, el tipo<br>de navegador a trav\u00e9s del cual se accede al servicio, etc.<br>Cookies de an\u00e1lisis<br>Son aqu\u00e9llas que nos permiten cuantificar el n\u00famero de usuarios y as\u00ed realizar la<br>medici\u00f3n y an\u00e1lisis estad\u00edstico de la utilizaci\u00f3n que hacen los usuarios de los servicios<br>prestados. Para ello se analiza su navegaci\u00f3n en nuestra p\u00e1gina web con el fin de<br>mejorar la oferta de productos y servicios que ofrecemos.<br>Cookies publicitarias<br>Son aqu\u00e9llas que permiten la gesti\u00f3n, de la forma m\u00e1s eficaz posible, de los espacios<br>publicitarios que se pudieran incluir en nuestra p\u00e1gina web.<br>Cookies de publicidad comportamental<br>Estas cookies almacenan informaci\u00f3n del comportamiento de los usuarios obtenida<br>a trav\u00e9s de la observaci\u00f3n continuada. Gracias a ellas, podemos conocer los h\u00e1bitos<br>de navegaci\u00f3n en internet y mostrarte publicidad relacionada con tu perfil de<br>navegaci\u00f3n.<br>Cookies sociales<\/p>\n\n\n\n<p class=\"has-normal-font-size\">Cookies de complemento para intercambiar contenidos sociales: los llamados plug-<br>ins, que permiten compartir contenidos en redes sociales.<\/p>\n\n\n\n<p class=\"has-normal-font-size\">4. Cookies utilizadas en la web<br>La identificaci\u00f3n de qui\u00e9n utiliza las cookies de este sitio web, as\u00ed como los detalles de<br>las mismas, se indican a continuaci\u00f3n:<\/p>\n\n\n\n<p class=\"has-normal-font-size\">Entidad Tipo Prop\u00f3sito M\u00e1s informaci\u00f3n<br>Google<br>Analytics<br>De<br>terceros<br>Recoger informaci\u00f3n<br>sobre la navegaci\u00f3n<br>de los usuarios por el<br>sitio web con el fin de<br>conocer el origen de<br>las visitas y otros<br>datos similares a nivel<br>estad\u00edstico, as\u00ed como,<br>en su caso, mostrar a<br>los usuarios<br>publicidad<br>relacionada con sus<br>preferencias en base<br>a un perfil elaborado<br>a partir de sus<br>h\u00e1bitos de<br>navegaci\u00f3n (por<br>ejemplo, p\u00e1ginas<br>visitadas).<\/p>\n\n\n\n<p class=\"has-normal-font-size\">1. Google Analytics<br>2. Centro de Privacidad de Google<\/p>\n\n\n\n<p class=\"has-normal-font-size\">Facebook De<br>terceros<br>Compartir contenido<br>en la red social<\/p>\n\n\n\n<p class=\"has-normal-font-size\"><a href=\"https:\/\/www.facebook.com\/policies\/cookies\">https:\/\/www.facebook.com\/policies\/cookies<\/a><\/p>\n\n\n\n<p class=\"has-normal-font-size\">Instagram De<br>terceros<br>Compartir contenido<br>en la red social<\/p>\n\n\n\n<p class=\"has-normal-font-size\"><a href=\"https:\/\/help.instagram.com\/1896641480634370\">https:\/\/help.instagram.com\/1896641480634370<\/a><\/p>\n\n\n\n<p class=\"has-normal-font-size\">Twitter De<br>terceros<br>Compartir contenido<br>en la red social<\/p>\n\n\n\n<p class=\"has-normal-font-size\"><a href=\"https:\/\/twitter.com\/es\/privacy\">https:\/\/twitter.com\/es\/privacy<\/a><\/p>\n\n\n\n<p class=\"has-normal-font-size\">5. C\u00f3mo deshabilitar las cookies en los navegadores m\u00e1s utilizados.<br>Pueden bloquearse o deshabilitarse con las herramientas de configuraci\u00f3n de su<br>navegador. El navegador le permite rechazar la instalaci\u00f3n de todas las cookies, o<br>bien elegir rechazar solo alguna de ellas.<br>Le indicamos los enlaces a las herramientas de los principales navegadores, en las<br>que poder informarse sobre c\u00f3mo deshabilitar las cookies.<br>Desactivaci\u00f3n o eliminaci\u00f3n de cookies pertenecientes a Google Analytics<br>Si acepta el uso de cookies pertenecientes a Google Analytics podr\u00e1 desinstalarlas<br>posteriormente mediante la configuraci\u00f3n de su navegador, tal y como se ha indicado,<br>o instalando el complemento de inhabilitaci\u00f3n de Google Analytics:<\/p>\n\n\n\n<p class=\"has-normal-font-size\">https:\/\/tools.google.com\/dlpage\/gaoptout?hl=es.<br>Le recordamos que si elimina las cookies de personalizaci\u00f3n tendr\u00e1 que actualizar sus<br>preferencias cada vez que inicie una sesi\u00f3n con nosotros o si utiliza un dispositivo<br>diferente, perfil ordenador o navegador tendr\u00e1 que decirnos sus preferencias<br>nuevamente.<\/p>\n\n\n\n<p class=\"has-normal-font-size\">Google Chrome<br>https:\/\/support.google.com\/chrome\/answer\/95647?hl=<br>es<br>Mozilla Firefox<\/p>\n\n\n\n<p class=\"has-normal-font-size\"><a href=\"https:\/\/support.mozilla.org\/es\/kb\/cookies-informacion-que-los-sitios-web-guardan-en-?redirectlocale=en-US&amp;redirectslug=Cookies\">https:\/\/support.mozilla.org\/es\/kb\/cookies-informacion-que-los-sitios-web-guardan-en-?redirectlocale=en-US&amp;redirectslug=Cookies<\/a><\/p>\n\n\n\n<p class=\"has-normal-font-size\">Apple Safari<br>https:\/\/support.apple.com\/es-es\/HT201265<br>Microsoft Explorer<\/p>\n\n\n\n<p class=\"has-normal-font-size\"><a href=\"https:\/\/support.microsoft.com\/es-es\/help\/17442\/windows-internet-explorer-delete-manage-cookies\">https:\/\/support.microsoft.com\/es-es\/help\/17442\/windows-internet-explorer-delete-manage-cookies<\/a><\/p>\n\n\n\n<p class=\"has-normal-font-size\">6. Qu\u00e9 ocurre si se deshabilitan las cookies<br>Si rechaza las cookies podr\u00e1 seguir usando nuestro sitio web, pero es posible que<br>algunos de los servicios y\/o enlaces dejen de funcionar, que no se pueda iniciar o<br>mantener la sesi\u00f3n interactiva con los servicios de la p\u00e1gina web, y no podremos<br>obtener de tu parte informaci\u00f3n muy valiosa para ofrecerle contenidos acordes a sus<br>intereses y para que puedas acceder de forma f\u00e1cil y r\u00e1pida a la informaci\u00f3n que te<br>interesa.<br>El titular de la web no asume ninguna responsabilidad por problemas legales o t\u00e9cnicos<br>causados por el incumplimiento por parte de cualquier usuario de las recomendaciones<br>incluidas. Esta comunicaci\u00f3n se realiza para el conocimiento y uso de los usuarios, por<br>consiguiente, no debe utilizarse para ninguna otra finalidad.<br>Igualmente te avisamos que no podemos hacernos responsables del contenido y<br>veracidad de las pol\u00edticas de privacidad de los terceros incluidas en esta pol\u00edtica de<br>cookies.<\/p>\n\n\n\n<p class=\"has-normal-font-size\">7. Cambios en la pol\u00edtica de cookies<\/p>\n\n\n\n<p class=\"has-normal-font-size\">La presente pol\u00edtica de cookies, es la versi\u00f3n 2.0, y est\u00e1 vigente desde el d\u00eda 1 de<br>OCTUBRE de 2020, y en base a ello, el titular de la web, puede modificar esta pol\u00edtica<br>de cookies, bien por incorporar cookies nuevas por necesidad de nuevos contenidos<br>que se puedan ofrecer, o bien en funci\u00f3n de exigencias legislativas, reglamentarias,<br>que hagan necesario el cambio de la misma, por ello se aconseja a los Usuarios que<br>visiten la misma de forma prei\u00f3dica. Asimismo, La Web podr\u00e1 informar a los usuarios<br>de forma personal y previa de los cambios proyectados en esta pol\u00edtica, antes de su<br>entrada en vigor, siempre que ello resultara t\u00e9cnica y razonablemente posible.<br>8. Ejercicio de Derechos en materia de Cookies<br>Puede conocer y ejercer sus derechos en materia de protecci\u00f3n de datos personales<br>accediendo a la Pol\u00edtica de Privacidad de esta web.<br>Si tiene dudas sobre esta pol\u00edtica de cookies, puede contactar con nosotros.<\/p>\n","protected":false},"excerpt":{"rendered":"<p>1. Objeto.La presente Pol\u00edtica de Cookies es parte integrante de las Condiciones de Uso y laPol\u00edtica de Privacidad de la p\u00e1gina web, www.enriquesrestaurantepizzeria.com (en adelante, [&hellip;]<\/p>\n","protected":false},"author":2,"featured_media":0,"parent":0,"menu_order":0,"comment_status":"closed","ping_status":"closed","template":"","meta":{"novablocks_hero_scroll_indicator":false,"novablocks_hero_position_indicators":false,"supernova_prevent_duplicate":false,"footnotes":""},"class_list":["post-450","page","type-page","status-publish","hentry"],"_links":{"self":[{"href":"https:\/\/enriquesrestaurantepizzeria.com\/es\/wp-json\/wp\/v2\/pages\/450","targetHints":{"allow":["GET"]}}],"collection":[{"href":"https:\/\/enriquesrestaurantepizzeria.com\/es\/wp-json\/wp\/v2\/pages"}],"about":[{"href":"https:\/\/enriquesrestaurantepizzeria.com\/es\/wp-json\/wp\/v2\/types\/page"}],"author":[{"embeddable":true,"href":"https:\/\/enriquesrestaurantepizzeria.com\/es\/wp-json\/wp\/v2\/users\/2"}],"replies":[{"embeddable":true,"href":"https:\/\/enriquesrestaurantepizzeria.com\/es\/wp-json\/wp\/v2\/comments?post=450"}],"version-history":[{"count":3,"href":"https:\/\/enriquesrestaurantepizzeria.com\/es\/wp-json\/wp\/v2\/pages\/450\/revisions"}],"predecessor-version":[{"id":463,"href":"https:\/\/enriquesrestaurantepizzeria.com\/es\/wp-json\/wp\/v2\/pages\/450\/revisions\/463"}],"wp:attachment":[{"href":"https:\/\/enriquesrestaurantepizzeria.com\/es\/wp-json\/wp\/v2\/media?parent=450"}],"curies":[{"name":"wp","href":"https:\/\/api.w.org\/{rel}","templated":true}]}}