{"id":427,"date":"2019-09-20T12:37:32","date_gmt":"2019-09-20T10:37:32","guid":{"rendered":"https:\/\/enriquesrestaurantepizzeria.com\/acerca-de\/"},"modified":"2025-07-16T13:10:56","modified_gmt":"2025-07-16T11:10:56","slug":"acerca-de","status":"publish","type":"page","link":"https:\/\/enriquesrestaurantepizzeria.com\/es\/acerca-de\/","title":{"rendered":"Acerca de"},"content":{"rendered":"<div class=\"nb-supernova nb-supernova--content-type-custom nb-supernova--card-layout-stacked nb-supernova--layout-classic nb-supernova--1-columns nb-supernova--valign-center nb-supernova--halign-center nb-supernova--align-full alignfull sm-palette-1 sm-variation-1 nb-grid__area--portrait nb-grid__area--width-full\" style=\"--nb-media-composition-gap: 20px;--nb-emphasis-area: 100;--nb-overlay-filter-strength: 0.3;--nb-block-top-spacing: 0;--nb-block-bottom-spacing: 2;--nb-emphasis-top-spacing: 0;--nb-emphasis-bottom-spacing: 0;--nb-card-layout-gap-modifier: 0;--nb-card-content-padding-multiplier: 1;--nb-card-media-padding-multiplier: 0;--nb-card-media-container-height: 50;--nb-card-media-padding-top: 100%;--nb-card-media-aspect-ratio: 1;--nb-card-media-object-fit: cover;--nb-minimum-container-height: 66vh;--nb-card-content-area-width: 50%;--nb-spacing-modifier: 1;--nb-spacing-multiplier-override: 1;--nb-collection-columns-count: 1;--nb-grid-spacing-modifier: 50;--nb-grid-spacing-multiplier: 1;--nb-pile-3d-scale: 1\"\n\t\t\t data-variation='novablocks-card-hero' data-content-type='custom' data-card-layout='stacked' data-posts-to-show='1' data-columns='1' data-overlay-filter-strength='30' data-content-padding='100' data-block-top-spacing='0' data-block-bottom-spacing='2' data-min-height-fallback='66' data-content-color-signal='3' data-content-palette-variation='12' data-scrolling-effect='parallax' data-anchor='' data-preview='1' data-header-position='0' data-title='Cards Collection' data-subtitle='A collection of individual cards displayed in a cohesive layout' data-collection-title-level='2' data-palette='1' data-palette-variation='1' data-color-signal='0' data-emphasis-area='100' data-images='[]' data-style-preset='the-cloud-atlas' data-size-contrast='0' data-position-shift='0' data-elements-distance='20' data-placement-variation='25' data-image-rotation='0' data-image-resizing='cropped' data-container-height='50' data-object-position='50' data-focal-point='{&quot;x&quot;:0.5,&quot;y&quot;:0.5}' data-final-focal-point='{&quot;x&quot;:0.5,&quot;y&quot;:0.5}' data-initial-background-scale='1' data-final-background-scale='1' data-motion-preset='standard-dynamic' data-follow-through-start='1' data-follow-through-end='1' data-blob-sides='3' data-blob-pattern-seed='3' data-blob-complexity='0' data-blob-smoothness='33' data-blob-rotation='0' data-blob-mask-sides='3' data-blob-mask-pattern-seed='3' data-blob-mask-complexity='0' data-blob-mask-smoothness='33' data-blob-mask-rotation='0' data-blobs-size-balance='50' data-blobs-horizontal-displacement='50' data-blobs-vertical-displacement='50' data-level='2' data-card-title-level='3' data-card-title-font-size='normal' data-collection-title-font-size='normal' data-metadata-position='above-title' data-primary-metadata='category' data-secondary-metadata='date' data-buttons-style='text' data-layout-style='classic' data-grid-gap='50' data-gridcolumns='6' data-gridrows='6' data-featuresize='4' data-featureposition='1' data-fragmentation='1' data-hierarchycrossing='30' data-imageweightleft='1' data-imageweightright='2' data-metadetailsleft='10' data-metadetailsright='6' data-subfeature='1' data-header-column='0' data-carousel-layout='fixed' data-pile-parallax-amount='0' data-pile3d-target='item' data-pile3d-target-rule='odd' data-content-position='center center' data-show-media='1' data-show-title='1' data-show-subtitle='1' data-show-description='1' data-show-buttons='1' data-display-inner-content='1' data-show-arrows='1' data-overlay-filter-type='unitone' data-overlay-filter-duotone-config='[]' data-media-container-height='50' data-thumbnail-aspect-ratio-string='landscape' data-thumbnail-aspect-ratio='50' data-image-padding='0' data-emphasis-by-space='1' data-emphasis-top-spacing='0' data-emphasis-bottom-spacing='0' data-balance-emphasis='50' data-balance-focal-point='content' data-content-area-width='50' data-layout-gutter='0' data-spacing-modifier='1' data-spacing-multiplier-override='1' data-overlay-filter-hover-border-size=''>\n\t\t\t<div class=\"nb-collection alignfull nb-block-spacing-container\"><div class=\"nb-collection__body\">\n\t\t\t\t<div class=\"nb-collection__layout nb-collection__layout--classic nb-collection__layout--fixed-width\">\n\t\t\t\t\t\n\n\t\t<div class=\"nb-collection__layout-item\">\n\t\t\t\n\t\t<div class=\"nb-supernova-item nb-supernova-item--layout-stacked nb-supernova-item--scrolling-effect-parallax nb-supernova-item--aspect-ratio-landscape sm-palette-1 sm-variation-12\" data-palette='1' data-palette-variation='12' data-color-signal='3' data-content-palette-variation='2' data-content-color-signal='3'>\n\t\t\t\t\t\t<div class=\"nb-supernova-item__frame\">\n\t\t\t\t\t\t<div class=\"nb-supernova-item__media-wrapper\"><div class=\"nb-supernova-item__media-aspect-ratio\"><div class=\"novablocks-doppler__mask novablocks-doppler__wrapper\">\n\t\t\t\t\t<div class=\"nb-supernova-item__media-doppler\"> <img loading=\"lazy\" decoding=\"async\" width=\"900\" height=\"500\" src=\"https:\/\/enriquesrestaurantepizzeria.com\/wp-content\/uploads\/2025\/04\/4-5.jpg\" class=\"nb-supernova-item__media novablocks-doppler__target\" alt=\"\" data-shape-modeling-target=\"\" sizes=\"auto, (max-width: 810px) 100vw, 810px\" srcset=\"https:\/\/enriquesrestaurantepizzeria.com\/wp-content\/uploads\/2025\/04\/4-5.jpg 810w, https:\/\/enriquesrestaurantepizzeria.com\/wp-content\/uploads\/2025\/04\/4-5-300x167.jpg 270w, https:\/\/enriquesrestaurantepizzeria.com\/wp-content\/uploads\/2025\/04\/4-5-768x427.jpg 691w, https:\/\/enriquesrestaurantepizzeria.com\/wp-content\/uploads\/2025\/04\/4-5-250x139.jpg 225w, https:\/\/enriquesrestaurantepizzeria.com\/wp-content\/uploads\/2025\/04\/4-5-480x267.jpg 432w\" \/>\n<\/div>\n\t\t\t\t<\/div>\n\t\t\t<\/div><\/div>\t\t\t\t<div class=\"nb-supernova-item__content nb-supernova-item__content--valign-center nb-supernova-item__content--halign-center\">\n\t\t\t\t\t<div class=\"nb-supernova-item__inner-container\">\n\t\t\t\t\t\t\n\n<h1 class=\"c-headline has-text-align-center alignnone wp-block-novablocks-headline has-larger-font-size\"><span class=\"c-headline__secondary\">Descubra<\/span> <span class=\"c-headline__primary\">Nuestra Historia<\/span><\/h1>\n\n\n\n<div class=\"wp-block-separator sm-palette-1 sm-variation-2 sm-color-signal-3 is-style-blank alignnone\" style=\"--nb-emphasis-top-spacing: 0; --nb-emphasis-bottom-spacing: 0; --nb-block-top-spacing: 2; --nb-block-bottom-spacing: 0; --nb-block-zindex: 0; --nb-card-content-area-width: 50%; --nb-card-media-container-height: 50px; --nb-card-content-padding-multiplier: 0; --nb-card-media-padding-top: 100%; --nb-card-media-object-fit: cover; --nb-card-media-padding-multiplier: 0; --nb-card-layout-gap-modifier: 0; --nb-minimum-container-height: 0vh; --nb-spacing-modifier: 1; --nb-spacing-multiplier-override: 1; --nb-emphasis-area: 100px;\" data-palette=\"1\" data-palette-variation=\"2\" data-color-signal=\"3\">\n<div class=\"c-separator\">\n<div class=\"c-separator__arrow c-separator__arrow--left\"> <\/div>\n<div class=\"c-separator__line c-separator__line--left\"> <\/div>\n<div class=\"c-separator__symbol\"> <\/div>\n<div class=\"c-separator__line c-separator__line--right\"> <\/div>\n<div class=\"c-separator__arrow c-separator__arrow--right\"> <\/div>\n<\/div>\n<\/div>\n\n\t\t\t\t\t<\/div>\n\t\t\t\t<\/div>\n\t\t\t\t\t\t\t\t\t<\/div>\n\t\t\t\t\t<\/div>\n\n\t\t\t<\/div>\n\n\t\n\n\t\t\t\t<\/div>\n\t\t\t<\/div><\/div>\n\t\t<\/div>\n\n<div class=\"wp-block-columns alignwide\" style=\"--nb-emphasis-top-spacing: 0; --nb-emphasis-bottom-spacing: 0; --nb-block-top-spacing: 1; --nb-block-bottom-spacing: 0; --nb-block-zindex: 0; --nb-card-content-area-width: 50%; --nb-card-media-container-height: 50px; --nb-card-content-padding-multiplier: 0; --nb-card-media-padding-top: 100%; --nb-card-media-object-fit: cover; --nb-card-media-padding-multiplier: 0; --nb-card-layout-gap-modifier: 0; --nb-minimum-container-height: 0vh; --nb-spacing-modifier: 1; --nb-spacing-multiplier-override: 1;\">Enrique&#8217;s es un restaurante italiano de gesti\u00f3n familiar ubicado en Do\u00f1a Lola, Calahonda (Mijas Costa). Desde 2016, hemos estado sirviendo a nuestros leales clientes y visitantes locales deliciosas especialidades italianas.<\/div>\n<div class=\"wp-block-columns alignwide\" style=\"--nb-emphasis-top-spacing: 0; --nb-emphasis-bottom-spacing: 0; --nb-block-top-spacing: 1; --nb-block-bottom-spacing: 0; --nb-block-zindex: 0; --nb-card-content-area-width: 50%; --nb-card-media-container-height: 50px; --nb-card-content-padding-multiplier: 0; --nb-card-media-padding-top: 100%; --nb-card-media-object-fit: cover; --nb-card-media-padding-multiplier: 0; --nb-card-layout-gap-modifier: 0; --nb-minimum-container-height: 0vh; --nb-spacing-modifier: 1; --nb-spacing-multiplier-override: 1;\">Cuando visite Enrique&#8217;s, disfrutar\u00e1 de un men\u00fa extenso y variado que incluye pizzas finas y crujientes cocinadas en nuestro horno especial de le\u00f1a, una amplia selecci\u00f3n de platos de pasta fresca y regular, sabrosos risottos, carnes a la parrilla cocinadas a la perfecci\u00f3n, sus postres favoritos y muchos otros apetitosos platos mediterr\u00e1neos.<\/div>\n<div> <\/div>\n\n<div class=\"nb-supernova nb-supernova--content-type-custom nb-supernova--card-layout-stacked nb-supernova--layout-classic nb-supernova--1-columns nb-supernova--valign-center nb-supernova--halign-center nb-supernova--align-full alignfull sm-palette-1 sm-variation-1 nb-grid__area--portrait nb-grid__area--width-full\" style=\"--nb-media-composition-gap: 20px;--nb-emphasis-area: 100;--nb-overlay-filter-strength: 0.3;--nb-block-top-spacing: 0;--nb-block-bottom-spacing: 2;--nb-emphasis-top-spacing: 0;--nb-emphasis-bottom-spacing: 0;--nb-card-layout-gap-modifier: 0;--nb-card-content-padding-multiplier: 1;--nb-card-media-padding-multiplier: 0;--nb-card-media-container-height: 50;--nb-card-media-padding-top: 100%;--nb-card-media-aspect-ratio: 1;--nb-card-media-object-fit: cover;--nb-minimum-container-height: 66vh;--nb-card-content-area-width: 50%;--nb-spacing-modifier: 1;--nb-spacing-multiplier-override: 1;--nb-collection-columns-count: 1;--nb-grid-spacing-modifier: 50;--nb-grid-spacing-multiplier: 1;--nb-pile-3d-scale: 1\"\n\t\t\t data-variation='novablocks-card-hero' data-content-type='custom' data-card-layout='stacked' data-posts-to-show='1' data-columns='1' data-overlay-filter-strength='30' data-content-padding='100' data-block-top-spacing='0' data-block-bottom-spacing='2' data-min-height-fallback='66' data-content-color-signal='3' data-content-palette-variation='12' data-scrolling-effect='parallax' data-anchor='' data-preview='1' data-header-position='0' data-title='Cards Collection' data-subtitle='A collection of individual cards displayed in a cohesive layout' data-collection-title-level='2' data-palette='1' data-palette-variation='1' data-color-signal='0' data-emphasis-area='100' data-images='[]' data-style-preset='the-cloud-atlas' data-size-contrast='0' data-position-shift='0' data-elements-distance='20' data-placement-variation='25' data-image-rotation='0' data-image-resizing='cropped' data-container-height='50' data-object-position='50' data-focal-point='{&quot;x&quot;:0.5,&quot;y&quot;:0.5}' data-final-focal-point='{&quot;x&quot;:0.5,&quot;y&quot;:0.5}' data-initial-background-scale='1' data-final-background-scale='1' data-motion-preset='standard-dynamic' data-follow-through-start='1' data-follow-through-end='1' data-blob-sides='3' data-blob-pattern-seed='3' data-blob-complexity='0' data-blob-smoothness='33' data-blob-rotation='0' data-blob-mask-sides='3' data-blob-mask-pattern-seed='3' data-blob-mask-complexity='0' data-blob-mask-smoothness='33' data-blob-mask-rotation='0' data-blobs-size-balance='50' data-blobs-horizontal-displacement='50' data-blobs-vertical-displacement='50' data-level='2' data-card-title-level='3' data-card-title-font-size='normal' data-collection-title-font-size='normal' data-metadata-position='above-title' data-primary-metadata='category' data-secondary-metadata='date' data-buttons-style='text' data-layout-style='classic' data-grid-gap='50' data-gridcolumns='6' data-gridrows='6' data-featuresize='4' data-featureposition='1' data-fragmentation='1' data-hierarchycrossing='30' data-imageweightleft='1' data-imageweightright='2' data-metadetailsleft='10' data-metadetailsright='6' data-subfeature='1' data-header-column='0' data-carousel-layout='fixed' data-pile-parallax-amount='0' data-pile3d-target='item' data-pile3d-target-rule='odd' data-content-position='center center' data-show-media='1' data-show-title='1' data-show-subtitle='1' data-show-description='1' data-show-buttons='1' data-display-inner-content='1' data-show-arrows='1' data-overlay-filter-type='unitone' data-overlay-filter-duotone-config='[]' data-media-container-height='50' data-thumbnail-aspect-ratio-string='landscape' data-thumbnail-aspect-ratio='50' data-image-padding='0' data-emphasis-by-space='1' data-emphasis-top-spacing='0' data-emphasis-bottom-spacing='0' data-balance-emphasis='50' data-balance-focal-point='content' data-content-area-width='50' data-layout-gutter='0' data-spacing-modifier='1' data-spacing-multiplier-override='1' data-overlay-filter-hover-border-size=''>\n\t\t\t<div class=\"nb-collection alignfull nb-block-spacing-container\"><div class=\"nb-collection__body\">\n\t\t\t\t<div class=\"nb-collection__layout nb-collection__layout--classic nb-collection__layout--fixed-width\">\n\t\t\t\t\t\n\n\t\t<div class=\"nb-collection__layout-item\">\n\t\t\t\n\t\t<div class=\"nb-supernova-item nb-supernova-item--layout-stacked nb-supernova-item--scrolling-effect-parallax nb-supernova-item--aspect-ratio-landscape sm-palette-1 sm-variation-12\" data-palette='1' data-palette-variation='12' data-color-signal='3' data-content-palette-variation='2' data-content-color-signal='3'>\n\t\t\t\t\t\t<div class=\"nb-supernova-item__frame\">\n\t\t\t\t\t\t<div class=\"nb-supernova-item__media-wrapper\"><div class=\"nb-supernova-item__media-aspect-ratio\"><div class=\"novablocks-doppler__mask novablocks-doppler__wrapper\">\n\t\t\t\t\t<div class=\"nb-supernova-item__media-doppler\"> <img loading=\"lazy\" decoding=\"async\" width=\"900\" height=\"500\" src=\"https:\/\/enriquesrestaurantepizzeria.com\/wp-content\/uploads\/2025\/04\/3-4.jpg\" class=\"nb-supernova-item__media novablocks-doppler__target\" alt=\"\" data-shape-modeling-target=\"\" sizes=\"auto, (max-width: 810px) 100vw, 810px\" srcset=\"https:\/\/enriquesrestaurantepizzeria.com\/wp-content\/uploads\/2025\/04\/3-4.jpg 810w, https:\/\/enriquesrestaurantepizzeria.com\/wp-content\/uploads\/2025\/04\/3-4-300x167.jpg 270w, https:\/\/enriquesrestaurantepizzeria.com\/wp-content\/uploads\/2025\/04\/3-4-768x427.jpg 691w, https:\/\/enriquesrestaurantepizzeria.com\/wp-content\/uploads\/2025\/04\/3-4-250x139.jpg 225w, https:\/\/enriquesrestaurantepizzeria.com\/wp-content\/uploads\/2025\/04\/3-4-480x267.jpg 432w\" \/>\n<\/div>\n\t\t\t\t<\/div>\n\t\t\t<\/div><\/div>\t\t\t\t<div class=\"nb-supernova-item__content nb-supernova-item__content--valign-center nb-supernova-item__content--halign-center\">\n\t\t\t\t\t<div class=\"nb-supernova-item__inner-container\">\n\t\t\t\t\t\t\n\n<h1 class=\"c-headline has-text-align-center alignnone wp-block-novablocks-headline has-larger-font-size\"><span class=\"c-headline__secondary\">Nuestro<\/span> <span class=\"c-headline__primary\">Equipo<\/span><\/h1>\n\n\t\t\t\t\t<\/div>\n\t\t\t\t<\/div>\n\t\t\t\t\t\t\t\t\t<\/div>\n\t\t\t\t\t<\/div>\n\n\t\t\t<\/div>\n\n\t\n\n\t\t\t\t<\/div>\n\t\t\t<\/div><\/div>\n\t\t<\/div>\n\n\n<figure class=\"wp-block-image size-large\"><img loading=\"lazy\" decoding=\"async\" width=\"1024\" height=\"683\" src=\"https:\/\/enriquesrestaurantepizzeria.com\/wp-content\/uploads\/2025\/07\/IMG_9599-1024x683.jpg\" alt=\"\" class=\"wp-image-533\" srcset=\"https:\/\/enriquesrestaurantepizzeria.com\/wp-content\/uploads\/2025\/07\/IMG_9599-1024x683.jpg 1024w, https:\/\/enriquesrestaurantepizzeria.com\/wp-content\/uploads\/2025\/07\/IMG_9599-300x200.jpg 300w, https:\/\/enriquesrestaurantepizzeria.com\/wp-content\/uploads\/2025\/07\/IMG_9599-768x512.jpg 768w, https:\/\/enriquesrestaurantepizzeria.com\/wp-content\/uploads\/2025\/07\/IMG_9599-1536x1024.jpg 1536w, https:\/\/enriquesrestaurantepizzeria.com\/wp-content\/uploads\/2025\/07\/IMG_9599-2048x1365.jpg 2048w, https:\/\/enriquesrestaurantepizzeria.com\/wp-content\/uploads\/2025\/07\/IMG_9599-250x167.jpg 250w, https:\/\/enriquesrestaurantepizzeria.com\/wp-content\/uploads\/2025\/07\/IMG_9599-1366x911.jpg 1366w, https:\/\/enriquesrestaurantepizzeria.com\/wp-content\/uploads\/2025\/07\/IMG_9599-480x320.jpg 480w\" sizes=\"auto, (max-width: 1024px) 100vw, 1024px\" \/><\/figure>\n\n\n\n<figure class=\"wp-block-image size-large\"><img loading=\"lazy\" decoding=\"async\" width=\"1024\" height=\"684\" src=\"https:\/\/enriquesrestaurantepizzeria.com\/wp-content\/uploads\/2025\/07\/IMG_9609-1024x684.jpg\" alt=\"\" class=\"wp-image-535\" srcset=\"https:\/\/enriquesrestaurantepizzeria.com\/wp-content\/uploads\/2025\/07\/IMG_9609-1024x684.jpg 1024w, https:\/\/enriquesrestaurantepizzeria.com\/wp-content\/uploads\/2025\/07\/IMG_9609-300x200.jpg 300w, https:\/\/enriquesrestaurantepizzeria.com\/wp-content\/uploads\/2025\/07\/IMG_9609-768x513.jpg 768w, https:\/\/enriquesrestaurantepizzeria.com\/wp-content\/uploads\/2025\/07\/IMG_9609-1536x1026.jpg 1536w, https:\/\/enriquesrestaurantepizzeria.com\/wp-content\/uploads\/2025\/07\/IMG_9609-2048x1368.jpg 2048w, https:\/\/enriquesrestaurantepizzeria.com\/wp-content\/uploads\/2025\/07\/IMG_9609-250x167.jpg 250w, https:\/\/enriquesrestaurantepizzeria.com\/wp-content\/uploads\/2025\/07\/IMG_9609-1366x912.jpg 1366w, https:\/\/enriquesrestaurantepizzeria.com\/wp-content\/uploads\/2025\/07\/IMG_9609-480x321.jpg 480w\" sizes=\"auto, (max-width: 1024px) 100vw, 1024px\" \/><\/figure>\n","protected":false},"excerpt":{"rendered":"<p>Enrique&#8217;s es un restaurante italiano de gesti\u00f3n familiar ubicado en Do\u00f1a Lola, Calahonda (Mijas Costa). Desde 2016, hemos estado sirviendo a nuestros leales clientes y [&hellip;]<\/p>\n","protected":false},"author":2,"featured_media":0,"parent":0,"menu_order":0,"comment_status":"closed","ping_status":"closed","template":"","meta":{"novablocks_hero_scroll_indicator":false,"novablocks_hero_position_indicators":false,"supernova_prevent_duplicate":false,"footnotes":""},"class_list":["post-427","page","type-page","status-publish","hentry"],"_links":{"self":[{"href":"https:\/\/enriquesrestaurantepizzeria.com\/es\/wp-json\/wp\/v2\/pages\/427","targetHints":{"allow":["GET"]}}],"collection":[{"href":"https:\/\/enriquesrestaurantepizzeria.com\/es\/wp-json\/wp\/v2\/pages"}],"about":[{"href":"https:\/\/enriquesrestaurantepizzeria.com\/es\/wp-json\/wp\/v2\/types\/page"}],"author":[{"embeddable":true,"href":"https:\/\/enriquesrestaurantepizzeria.com\/es\/wp-json\/wp\/v2\/users\/2"}],"replies":[{"embeddable":true,"href":"https:\/\/enriquesrestaurantepizzeria.com\/es\/wp-json\/wp\/v2\/comments?post=427"}],"version-history":[{"count":2,"href":"https:\/\/enriquesrestaurantepizzeria.com\/es\/wp-json\/wp\/v2\/pages\/427\/revisions"}],"predecessor-version":[{"id":538,"href":"https:\/\/enriquesrestaurantepizzeria.com\/es\/wp-json\/wp\/v2\/pages\/427\/revisions\/538"}],"wp:attachment":[{"href":"https:\/\/enriquesrestaurantepizzeria.com\/es\/wp-json\/wp\/v2\/media?parent=427"}],"curies":[{"name":"wp","href":"https:\/\/api.w.org\/{rel}","templated":true}]}}